{"id":1414,"date":"2024-05-21T16:49:21","date_gmt":"2024-05-21T15:49:21","guid":{"rendered":"https:\/\/evatex.de\/?post_type=product&#038;p=1414"},"modified":"2026-04-14T07:32:15","modified_gmt":"2026-04-14T06:32:15","slug":"evatex-vario-speciale-maat","status":"publish","type":"product","link":"https:\/\/evatex.de\/nl\/product-2\/evatex-vario-speciale-maat\/","title":{"rendered":"EVATEX\u00ae Vario speciale maat - Op aanvraag"},"content":{"rendered":"<p><strong>De productdetails in \u00e9\u00e9n oogopslag:<\/strong><\/p>\n<p>Het EVATEX Vario reddings- en evacuatielaken wordt permanent tussen het bedframe en de matras gelegd.<br \/>\nGebruikt als sleepdoek<br \/>\nCompatibel met alle bedmodellen en verpleegmatrassen<br \/>\nHeeft in lengte verstelbare hoekriemen voor alle matrashoogtes<br \/>\nKan veilig door slechts \u00e9\u00e9n persoon worden bediend<br \/>\nIs glad op alle ondergronden (zelfs op natte ondergrond)<br \/>\nBestaat uit 100% polyester (doek en linten)<br \/>\nHeeft een treksterkte van de banden van 500 kg<br \/>\nIs wasbaar op 95<b>\u00b0<\/b>C<br \/>\nHeeft een temperatuurbestendigheid van 105<b>\u00b0<\/b>C tot 10 minuten<br \/>\nKan worden gedesinfecteerd met de meest voorkomende beddesinfectiemiddelen<br \/>\nKan tot 250 kg dragen<\/p>","protected":false},"excerpt":{"rendered":"<p>Het EVATEX Vario reddings- en evacuatielaken wordt permanent tussen het bedframe en de matras gelegd.<\/p>\n<p>Speciale afmetingen op aanvraag.<\/p>\n<p>Stuur ons een brief met de gewenste maat en hoeveelheid.<\/p>\n<p>We sturen je graag een vrijblijvende offerte<\/p>","protected":false},"featured_media":64,"comment_status":"open","ping_status":"closed","template":"","meta":[],"product_brand":[],"product_cat":[17],"product_tag":[],"class_list":{"0":"post-1414","1":"product","2":"type-product","3":"status-publish","4":"has-post-thumbnail","6":"product_cat-alle-produkte","8":"first","9":"instock","10":"taxable","11":"shipping-taxable","12":"purchasable","13":"product-type-simple"},"yoast_head":"<!-- This site is optimized with the Yoast SEO plugin v26.9 - https:\/\/yoast.com\/product\/yoast-seo-wordpress\/ -->\n<title>EVATEX\u00ae Vario Sonderma\u00df - Auf Anfrage - Evatex<\/title>\n<meta name=\"robots\" content=\"index, follow, max-snippet:-1, max-image-preview:large, max-video-preview:-1\" \/>\n<link rel=\"canonical\" href=\"https:\/\/evatex.de\/nl\/product-2\/evatex-vario-speciale-maat\/\" \/>\n<meta property=\"og:locale\" content=\"nl_NL\" \/>\n<meta property=\"og:type\" content=\"article\" \/>\n<meta property=\"og:title\" content=\"EVATEX\u00ae Vario Sonderma\u00df - Auf Anfrage - Evatex\" \/>\n<meta property=\"og:description\" content=\"Das Rettungs- und Evakuierungstuch EVATEX Vario liegt permanent zwischen Bettgestell und Matratze.  Sonderma\u00df auf Anfrage.  Bitte Schrieben Sie uns an mit gew\u00fcnschte Gro\u00dfe uns Anzahl.  Wir Senden ihnen gerne ein unverbindliches Angebot\" \/>\n<meta property=\"og:url\" content=\"https:\/\/evatex.de\/nl\/product-2\/evatex-vario-speciale-maat\/\" \/>\n<meta property=\"og:site_name\" content=\"Evatex\" \/>\n<meta property=\"article:modified_time\" content=\"2026-04-14T06:32:15+00:00\" \/>\n<meta property=\"og:image\" content=\"https:\/\/evatex.de\/wp-content\/uploads\/2024\/01\/product-voorbeeld.png\" \/>\n\t<meta property=\"og:image:width\" content=\"560\" \/>\n\t<meta property=\"og:image:height\" content=\"560\" \/>\n\t<meta property=\"og:image:type\" content=\"image\/png\" \/>\n<meta name=\"twitter:card\" content=\"summary_large_image\" \/>\n<meta name=\"twitter:label1\" content=\"Geschatte leestijd\" \/>\n\t<meta name=\"twitter:data1\" content=\"1 minuut\" \/>\n<script type=\"application\/ld+json\" class=\"yoast-schema-graph\">{\"@context\":\"https:\/\/schema.org\",\"@graph\":[{\"@type\":\"WebPage\",\"@id\":\"https:\/\/evatex.de\/produkt\/evatex-vario-sondermass\/\",\"url\":\"https:\/\/evatex.de\/produkt\/evatex-vario-sondermass\/\",\"name\":\"EVATEX\u00ae Vario Sonderma\u00df - Auf Anfrage - Evatex\",\"isPartOf\":{\"@id\":\"https:\/\/evatex.de\/#website\"},\"primaryImageOfPage\":{\"@id\":\"https:\/\/evatex.de\/produkt\/evatex-vario-sondermass\/#primaryimage\"},\"image\":{\"@id\":\"https:\/\/evatex.de\/produkt\/evatex-vario-sondermass\/#primaryimage\"},\"thumbnailUrl\":\"https:\/\/evatex.de\/wp-content\/uploads\/2024\/01\/product-voorbeeld.png\",\"datePublished\":\"2024-05-21T15:49:21+00:00\",\"dateModified\":\"2026-04-14T06:32:15+00:00\",\"breadcrumb\":{\"@id\":\"https:\/\/evatex.de\/produkt\/evatex-vario-sondermass\/#breadcrumb\"},\"inLanguage\":\"nl-NL\",\"potentialAction\":[{\"@type\":\"ReadAction\",\"target\":[\"https:\/\/evatex.de\/produkt\/evatex-vario-sondermass\/\"]}]},{\"@type\":\"ImageObject\",\"inLanguage\":\"nl-NL\",\"@id\":\"https:\/\/evatex.de\/produkt\/evatex-vario-sondermass\/#primaryimage\",\"url\":\"https:\/\/evatex.de\/wp-content\/uploads\/2024\/01\/product-voorbeeld.png\",\"contentUrl\":\"https:\/\/evatex.de\/wp-content\/uploads\/2024\/01\/product-voorbeeld.png\",\"width\":560,\"height\":560},{\"@type\":\"BreadcrumbList\",\"@id\":\"https:\/\/evatex.de\/produkt\/evatex-vario-sondermass\/#breadcrumb\",\"itemListElement\":[{\"@type\":\"ListItem\",\"position\":1,\"name\":\"Home\",\"item\":\"https:\/\/evatex.de\/\"},{\"@type\":\"ListItem\",\"position\":2,\"name\":\"Shop\",\"item\":\"https:\/\/evatex.de\/shop\/\"},{\"@type\":\"ListItem\",\"position\":3,\"name\":\"EVATEX\u00ae Vario Sonderma\u00df &#8211; Auf Anfrage\"}]},{\"@type\":\"WebSite\",\"@id\":\"https:\/\/evatex.de\/#website\",\"url\":\"https:\/\/evatex.de\/\",\"name\":\"Evatex\",\"description\":\"\",\"publisher\":{\"@id\":\"https:\/\/evatex.de\/#organization\"},\"potentialAction\":[{\"@type\":\"SearchAction\",\"target\":{\"@type\":\"EntryPoint\",\"urlTemplate\":\"https:\/\/evatex.de\/?s={search_term_string}\"},\"query-input\":{\"@type\":\"PropertyValueSpecification\",\"valueRequired\":true,\"valueName\":\"search_term_string\"}}],\"inLanguage\":\"nl-NL\"},{\"@type\":\"Organization\",\"@id\":\"https:\/\/evatex.de\/#organization\",\"name\":\"Evatex\",\"url\":\"https:\/\/evatex.de\/\",\"logo\":{\"@type\":\"ImageObject\",\"inLanguage\":\"nl-NL\",\"@id\":\"https:\/\/evatex.de\/#\/schema\/logo\/image\/\",\"url\":\"https:\/\/evatex.de\/wp-content\/uploads\/2024\/01\/evatex-logo-website.svg\",\"contentUrl\":\"https:\/\/evatex.de\/wp-content\/uploads\/2024\/01\/evatex-logo-website.svg\",\"width\":211,\"height\":47,\"caption\":\"Evatex\"},\"image\":{\"@id\":\"https:\/\/evatex.de\/#\/schema\/logo\/image\/\"}}]}<\/script>\n<!-- \/ Yoast SEO plugin. -->","yoast_head_json":{"title":"EVATEX\u00ae Vario speciale maat - Op aanvraag - Evatex","robots":{"index":"index","follow":"follow","max-snippet":"max-snippet:-1","max-image-preview":"max-image-preview:large","max-video-preview":"max-video-preview:-1"},"canonical":"https:\/\/evatex.de\/nl\/product-2\/evatex-vario-speciale-maat\/","og_locale":"nl_NL","og_type":"article","og_title":"EVATEX\u00ae Vario Sonderma\u00df - Auf Anfrage - Evatex","og_description":"Das Rettungs- und Evakuierungstuch EVATEX Vario liegt permanent zwischen Bettgestell und Matratze.  Sonderma\u00df auf Anfrage.  Bitte Schrieben Sie uns an mit gew\u00fcnschte Gro\u00dfe uns Anzahl.  Wir Senden ihnen gerne ein unverbindliches Angebot","og_url":"https:\/\/evatex.de\/nl\/product-2\/evatex-vario-speciale-maat\/","og_site_name":"Evatex","article_modified_time":"2026-04-14T06:32:15+00:00","og_image":[{"width":560,"height":560,"url":"https:\/\/evatex.de\/wp-content\/uploads\/2024\/01\/product-voorbeeld.png","type":"image\/png"}],"twitter_card":"summary_large_image","twitter_misc":{"Geschatte leestijd":"1 minuut"},"schema":{"@context":"https:\/\/schema.org","@graph":[{"@type":"WebPage","@id":"https:\/\/evatex.de\/produkt\/evatex-vario-sondermass\/","url":"https:\/\/evatex.de\/produkt\/evatex-vario-sondermass\/","name":"EVATEX\u00ae Vario speciale maat - Op aanvraag - Evatex","isPartOf":{"@id":"https:\/\/evatex.de\/#website"},"primaryImageOfPage":{"@id":"https:\/\/evatex.de\/produkt\/evatex-vario-sondermass\/#primaryimage"},"image":{"@id":"https:\/\/evatex.de\/produkt\/evatex-vario-sondermass\/#primaryimage"},"thumbnailUrl":"https:\/\/evatex.de\/wp-content\/uploads\/2024\/01\/product-voorbeeld.png","datePublished":"2024-05-21T15:49:21+00:00","dateModified":"2026-04-14T06:32:15+00:00","breadcrumb":{"@id":"https:\/\/evatex.de\/produkt\/evatex-vario-sondermass\/#breadcrumb"},"inLanguage":"nl-NL","potentialAction":[{"@type":"ReadAction","target":["https:\/\/evatex.de\/produkt\/evatex-vario-sondermass\/"]}]},{"@type":"ImageObject","inLanguage":"nl-NL","@id":"https:\/\/evatex.de\/produkt\/evatex-vario-sondermass\/#primaryimage","url":"https:\/\/evatex.de\/wp-content\/uploads\/2024\/01\/product-voorbeeld.png","contentUrl":"https:\/\/evatex.de\/wp-content\/uploads\/2024\/01\/product-voorbeeld.png","width":560,"height":560},{"@type":"BreadcrumbList","@id":"https:\/\/evatex.de\/produkt\/evatex-vario-sondermass\/#breadcrumb","itemListElement":[{"@type":"ListItem","position":1,"name":"Home","item":"https:\/\/evatex.de\/"},{"@type":"ListItem","position":2,"name":"Shop","item":"https:\/\/evatex.de\/shop\/"},{"@type":"ListItem","position":3,"name":"EVATEX\u00ae Vario Sonderma\u00df &#8211; Auf Anfrage"}]},{"@type":"WebSite","@id":"https:\/\/evatex.de\/#website","url":"https:\/\/evatex.de\/","name":"Evatex","description":"","publisher":{"@id":"https:\/\/evatex.de\/#organization"},"potentialAction":[{"@type":"SearchAction","target":{"@type":"EntryPoint","urlTemplate":"https:\/\/evatex.de\/?s={search_term_string}"},"query-input":{"@type":"PropertyValueSpecification","valueRequired":true,"valueName":"search_term_string"}}],"inLanguage":"nl-NL"},{"@type":"Organization","@id":"https:\/\/evatex.de\/#organization","name":"Evatex","url":"https:\/\/evatex.de\/","logo":{"@type":"ImageObject","inLanguage":"nl-NL","@id":"https:\/\/evatex.de\/#\/schema\/logo\/image\/","url":"https:\/\/evatex.de\/wp-content\/uploads\/2024\/01\/evatex-logo-website.svg","contentUrl":"https:\/\/evatex.de\/wp-content\/uploads\/2024\/01\/evatex-logo-website.svg","width":211,"height":47,"caption":"Evatex"},"image":{"@id":"https:\/\/evatex.de\/#\/schema\/logo\/image\/"}}]}},"_links":{"self":[{"href":"https:\/\/evatex.de\/nl\/wp-json\/wp\/v2\/product\/1414","targetHints":{"allow":["GET"]}}],"collection":[{"href":"https:\/\/evatex.de\/nl\/wp-json\/wp\/v2\/product"}],"about":[{"href":"https:\/\/evatex.de\/nl\/wp-json\/wp\/v2\/types\/product"}],"replies":[{"embeddable":true,"href":"https:\/\/evatex.de\/nl\/wp-json\/wp\/v2\/comments?post=1414"}],"wp:featuredmedia":[{"embeddable":true,"href":"https:\/\/evatex.de\/nl\/wp-json\/wp\/v2\/media\/64"}],"wp:attachment":[{"href":"https:\/\/evatex.de\/nl\/wp-json\/wp\/v2\/media?parent=1414"}],"wp:term":[{"taxonomy":"product_brand","embeddable":true,"href":"https:\/\/evatex.de\/nl\/wp-json\/wp\/v2\/product_brand?post=1414"},{"taxonomy":"product_cat","embeddable":true,"href":"https:\/\/evatex.de\/nl\/wp-json\/wp\/v2\/product_cat?post=1414"},{"taxonomy":"product_tag","embeddable":true,"href":"https:\/\/evatex.de\/nl\/wp-json\/wp\/v2\/product_tag?post=1414"}],"curies":[{"name":"wp","href":"https:\/\/api.w.org\/{rel}","templated":true}]}}