{"id":302,"date":"2024-01-04T14:14:03","date_gmt":"2024-01-04T14:14:03","guid":{"rendered":"https:\/\/evatex.de\/?page_id=302"},"modified":"2025-08-11T09:27:25","modified_gmt":"2025-08-11T08:27:25","slug":"contact-2","status":"publish","type":"page","link":"https:\/\/evatex.de\/nl\/contact-2\/","title":{"rendered":"Contact"},"content":{"rendered":"<div data-elementor-type=\"wp-page\" data-elementor-id=\"302\" class=\"elementor elementor-302\" data-elementor-post-type=\"page\">\n\t\t\t\t<div class=\"elementor-element elementor-element-19b1531 e-con-full e-flex e-con e-parent\" data-id=\"19b1531\" data-element_type=\"container\" data-e-type=\"container\" data-settings=\"{&quot;background_background&quot;:&quot;gradient&quot;}\">\n\t\t\t\t<div class=\"elementor-element elementor-element-9f55cf4 elementor-widget elementor-widget-heading\" data-id=\"9f55cf4\" data-element_type=\"widget\" data-e-type=\"widget\" data-widget_type=\"heading.default\">\n\t\t\t\t<div class=\"elementor-widget-container\">\n\t\t\t\t\t<h2 class=\"elementor-heading-title elementor-size-default\">Contact<\/h2>\t\t\t\t<\/div>\n\t\t\t\t<\/div>\n\t\t\t\t<\/div>\n\t\t<div class=\"elementor-element elementor-element-95fac60 e-flex e-con-boxed elementor-invisible e-con e-parent\" data-id=\"95fac60\" data-element_type=\"container\" data-e-type=\"container\" data-settings=\"{&quot;animation&quot;:&quot;fadeInLeft&quot;,&quot;animation_delay&quot;:200}\">\n\t\t\t\t\t<div class=\"e-con-inner\">\n\t\t\t\t<div class=\"elementor-element elementor-element-f497bc8 elementor-widget elementor-widget-heading\" data-id=\"f497bc8\" data-element_type=\"widget\" data-e-type=\"widget\" data-widget_type=\"heading.default\">\n\t\t\t\t<div class=\"elementor-widget-container\">\n\t\t\t\t\t<h2 class=\"elementor-heading-title elementor-size-default\">Heeft u contact nodig? We zijn hier voor jou<\/h2>\t\t\t\t<\/div>\n\t\t\t\t<\/div>\n\t\t\t\t<div class=\"elementor-element elementor-element-11522a5 elementor-widget elementor-widget-text-editor\" data-id=\"11522a5\" data-element_type=\"widget\" data-e-type=\"widget\" data-widget_type=\"text-editor.default\">\n\t\t\t\t<div class=\"elementor-widget-container\">\n\t\t\t\t\t\t\t\t\t<p>Wij beantwoorden graag al uw vragen over de ontruiming en snelle redding van kantines. Evatex is onderdeel van het bedrijf E.E.H. en samen helpen wij u de veiligheid te vergroten. Ook als u vragen heeft over reddingsmatrassen of evacuatiestoelen kunt u bij ons terecht. Wij kijken uit naar uw bericht.<\/p>\t\t\t\t\t\t\t\t<\/div>\n\t\t\t\t<\/div>\n\t\t\t\t\t<\/div>\n\t\t\t\t<\/div>\n\t\t<div class=\"elementor-element elementor-element-649db20 e-con-full elementor-hidden-widescreen elementor-hidden-desktop elementor-hidden-laptop elementor-hidden-tablet_extra elementor-hidden-tablet elementor-hidden-mobile_extra elementor-hidden-mobile e-flex elementor-invisible e-con e-parent\" data-id=\"649db20\" data-element_type=\"container\" data-e-type=\"container\" data-settings=\"{&quot;animation&quot;:&quot;fadeInUp&quot;,&quot;animation_delay&quot;:100}\">\n\t\t\t\t<div class=\"elementor-element elementor-element-c3493d5 sliding-text elementor-widget elementor-widget-heading\" data-id=\"c3493d5\" data-element_type=\"widget\" data-e-type=\"widget\" data-widget_type=\"heading.default\">\n\t\t\t\t<div class=\"elementor-widget-container\">\n\t\t\t\t\t<p class=\"elementor-heading-title elementor-size-default\">\n.marquee {\n  positie: relatief;\n  breedte: 100vw;\n  max-breedte: 100%;\n  hoogte: 100px;\n  overflow-x: verborgen;\ndisplay: block;\n}\n\n.track {\n  positie: absoluut;\n  witruimte: nowrap;\n  zal-veranderen: transform;\n  animatie: marquee 180s lineair oneindig;\n}\n\n@keyframes marquee {\n  van { transform: vertalenX(0); }\n  to { transform: translateX(-50%); }\n}\n \n<span class=\"marquee\">\n  <span class=\"track\">\n    <span class=\"content\"> We helpen je graag! - <span class='evatex'>Contact<\/span> - Wij helpen u graag! - <span class='evatex'>Contact<\/span> - Wij helpen u graag! - <span class='evatex'>Contact<\/span> - Wij helpen u graag! - <span class='evatex'>Contact<\/span> - Wij helpen u graag! - <span class='evatex'>Contact<\/span> - Wij helpen u graag! - <span class='evatex'>Contact<\/span> - Wij helpen u graag! - <span class='evatex'>Contact<\/span> - Wij helpen u graag! - <span class='evatex'>Contact<\/span> - Wij helpen u graag! - <span class='evatex'>Contact<\/span> - Wij helpen u graag! - <span class='evatex'>Contact<\/span> - Wij helpen u graag! - <span class='evatex'>Contact<\/span> - Wij helpen u graag! - <span class='evatex'>Contact<\/span> - Wij helpen u graag! - <span class='evatex'>Contact<\/span> - Wij helpen u graag! - <span class='evatex'>Contact<\/span> - Wij helpen u graag! - <span class='evatex'>Contact<\/span> - Wij helpen u graag! - <span class='evatex'>Contact<\/span> - Wij helpen u graag! - <span class='evatex'>Contact<\/span> - Wij helpen u graag! - <span class='evatex'>Contact<\/span> - Wij helpen u graag! - <span class='evatex'>Contact<\/span> - Wij helpen u graag! - <span class='evatex'>Contact<\/span> - Wij helpen u graag! - <span class='evatex'>Contact<\/span> -\n\n  <\/span> \n<\/span><\/p>\t\t\t\t<\/div>\n\t\t\t\t<\/div>\n\t\t\t\t<\/div>\n\t\t<div class=\"elementor-element elementor-element-beb2e86 e-flex e-con-boxed e-con e-parent\" data-id=\"beb2e86\" data-element_type=\"container\" data-e-type=\"container\">\n\t\t\t\t\t<div class=\"e-con-inner\">\n\t\t<div class=\"elementor-element elementor-element-6cc32dc e-con-full e-flex e-con e-child\" data-id=\"6cc32dc\" data-element_type=\"container\" data-e-type=\"container\">\n\t\t\t\t<div class=\"elementor-element elementor-element-af1dc0f elementor-widget elementor-widget-heading\" data-id=\"af1dc0f\" data-element_type=\"widget\" data-e-type=\"widget\" data-widget_type=\"heading.default\">\n\t\t\t\t<div class=\"elementor-widget-container\">\n\t\t\t\t\t<h2 class=\"elementor-heading-title elementor-size-default\">Contacteer de <span class='evatex'>deskundigen<\/span>.<\/h2>\t\t\t\t<\/div>\n\t\t\t\t<\/div>\n\t\t\t\t<div class=\"elementor-element elementor-element-3fe045f elementor-widget elementor-widget-text-editor\" data-id=\"3fe045f\" data-element_type=\"widget\" data-e-type=\"widget\" data-widget_type=\"text-editor.default\">\n\t\t\t\t<div class=\"elementor-widget-container\">\n\t\t\t\t\t\t\t\t\t<p>Wij staan \u200b\u200bvoor u klaar. Heeft u vragen over onze EVATEX reddings- en evacuatiedekens, maar ook als u vragen heeft over instructie en onderhoud.<\/p><p>EVATEX is al ruim 15 jaar een begrip.<\/p>\t\t\t\t\t\t\t\t<\/div>\n\t\t\t\t<\/div>\n\t\t<div class=\"elementor-element elementor-element-eaca61a e-con-full e-flex e-con e-child\" data-id=\"eaca61a\" data-element_type=\"container\" data-e-type=\"container\">\n\t\t\t\t<div class=\"elementor-element elementor-element-e81586d elementor-widget__width-initial elementor-icon-list--layout-traditional elementor-list-item-link-full_width elementor-widget elementor-widget-icon-list\" data-id=\"e81586d\" data-element_type=\"widget\" data-e-type=\"widget\" data-widget_type=\"icon-list.default\">\n\t\t\t\t<div class=\"elementor-widget-container\">\n\t\t\t\t\t\t\t<ul class=\"elementor-icon-list-items\">\n\t\t\t\t\t\t\t<li class=\"elementor-icon-list-item\">\n\t\t\t\t\t\t\t\t\t\t<span class=\"elementor-icon-list-text\">Nederland<\/span>\n\t\t\t\t\t\t\t\t\t<\/li>\n\t\t\t\t\t\t\t\t<li class=\"elementor-icon-list-item\">\n\t\t\t\t\t\t\t\t\t\t<span class=\"elementor-icon-list-text\">Sloetsweg 178<\/span>\n\t\t\t\t\t\t\t\t\t<\/li>\n\t\t\t\t\t\t\t\t<li class=\"elementor-icon-list-item\">\n\t\t\t\t\t\t\t\t\t\t<span class=\"elementor-icon-list-text\">7556 HV, Hengelo<\/span>\n\t\t\t\t\t\t\t\t\t<\/li>\n\t\t\t\t\t\t\t\t<li class=\"elementor-icon-list-item\">\n\t\t\t\t\t\t\t\t\t\t<span class=\"elementor-icon-list-text\">Fax: +49 2151-9874860<\/span>\n\t\t\t\t\t\t\t\t\t<\/li>\n\t\t\t\t\t\t\t\t<li class=\"elementor-icon-list-item\">\n\t\t\t\t\t\t\t\t\t\t\t<span class=\"elementor-icon-list-icon\">\n\t\t\t\t\t\t\t<svg aria-hidden=\"true\" class=\"e-font-icon-svg e-fas-mobile-alt\" viewbox=\"0 0 320 512\" xmlns=\"http:\/\/www.w3.org\/2000\/svg\"><path d=\"M272 0H48C21.5 0 0 21.5 0 48v416c0 26.5 21.5 48 48 48h224c26.5 0 48-21.5 48-48V48c0-26.5-21.5-48-48-48zM160 480c-17.7 0-32-14.3-32-32s14.3-32 32-32 32 14.3 32 32-14.3 32-32 32zm112-108c0 6.6-5.4 12-12 12H60c-6.6 0-12-5.4-12-12V60c0-6.6 5.4-12 12-12h200c6.6 0 12 5.4 12 12v312z\"><\/path><\/svg>\t\t\t\t\t\t<\/span>\n\t\t\t\t\t\t\t\t\t\t<span class=\"elementor-icon-list-text\">Telefoon: 074-8539984<\/span>\n\t\t\t\t\t\t\t\t\t<\/li>\n\t\t\t\t\t\t\t\t<li class=\"elementor-icon-list-item\">\n\t\t\t\t\t\t\t\t\t\t\t<span class=\"elementor-icon-list-icon\">\n\t\t\t\t\t\t\t<svg aria-hidden=\"true\" class=\"e-font-icon-svg e-far-envelope\" viewbox=\"0 0 512 512\" xmlns=\"http:\/\/www.w3.org\/2000\/svg\"><path d=\"M464 64H48C21.49 64 0 85.49 0 112v288c0 26.51 21.49 48 48 48h416c26.51 0 48-21.49 48-48V112c0-26.51-21.49-48-48-48zm0 48v40.805c-22.422 18.259-58.168 46.651-134.587 106.49-16.841 13.247-50.201 45.072-73.413 44.701-23.208.375-56.579-31.459-73.413-44.701C106.18 199.465 70.425 171.067 48 152.805V112h416zM48 400V214.398c22.914 18.251 55.409 43.862 104.938 82.646 21.857 17.205 60.134 55.186 103.062 54.955 42.717.231 80.509-37.199 103.053-54.947 49.528-38.783 82.032-64.401 104.947-82.653V400H48z\"><\/path><\/svg>\t\t\t\t\t\t<\/span>\n\t\t\t\t\t\t\t\t\t\t<span class=\"elementor-icon-list-text\">info@evatex.de<\/span>\n\t\t\t\t\t\t\t\t\t<\/li>\n\t\t\t\t\t\t<\/ul>\n\t\t\t\t\t\t<\/div>\n\t\t\t\t<\/div>\n\t\t\t\t<\/div>\n\t\t\t\t<\/div>\n\t\t<div class=\"elementor-element elementor-element-bd9cb07 e-con-full e-flex e-con e-child\" data-id=\"bd9cb07\" data-element_type=\"container\" data-e-type=\"container\">\n\t\t\t\t<div class=\"elementor-element elementor-element-603492c elementor-button-align-stretch elementor-widget elementor-widget-form\" data-id=\"603492c\" data-element_type=\"widget\" data-e-type=\"widget\" data-settings=\"{&quot;button_width&quot;:&quot;100&quot;,&quot;step_type&quot;:&quot;number_text&quot;,&quot;step_icon_shape&quot;:&quot;circle&quot;}\" data-widget_type=\"form.default\">\n\t\t\t\t<div class=\"elementor-widget-container\">\n\t\t\t\t\t\t\t<form class=\"elementor-form\" method=\"post\" name=\"Evatex - contact \" aria-label=\"Evatex - contact \" novalidate=\"\" action=\"\">\n\t\t\t<input type=\"hidden\" name=\"post_id\" value=\"302\"\/>\n\t\t\t<input type=\"hidden\" name=\"form_id\" value=\"603492c\"\/>\n\t\t\t<input type=\"hidden\" name=\"referer_title\" value=\"Brauchen Sie Kontakt? Wir sind f\u00fcr Sie da | Evatex\" \/>\n\n\t\t\t\t\t\t\t<input type=\"hidden\" name=\"queried_id\" value=\"302\"\/>\n\t\t\t\n\t\t\t<div class=\"elementor-form-fields-wrapper elementor-labels-above\">\n\t\t\t\t\t\t\t\t<div class=\"elementor-field-type-text elementor-field-group elementor-column elementor-field-group-naam elementor-col-100 elementor-field-required elementor-mark-required\">\n\t\t\t\t\t\t\t\t\t\t\t\t<label for=\"form-field-naam\" class=\"elementor-field-label\">\n\t\t\t\t\t\t\t\tNaam\t\t\t\t\t\t\t<\/label>\n\t\t\t\t\t\t\t\t\t\t\t\t\t\t<input size=\"1\" type=\"text\" name=\"form_fields[naam]\" id=\"form-field-naam\" class=\"elementor-field elementor-size-sm  elementor-field-textual\" required=\"required\">\n\t\t\t\t\t\t\t\t\t\t\t<\/div>\n\t\t\t\t\t\t\t\t<div class=\"elementor-field-type-email elementor-field-group elementor-column elementor-field-group-email elementor-col-100 elementor-field-required elementor-mark-required\">\n\t\t\t\t\t\t\t\t\t\t\t\t<label for=\"form-field-email\" class=\"elementor-field-label\">\n\t\t\t\t\t\t\t\tE-mail\t\t\t\t\t\t\t<\/label>\n\t\t\t\t\t\t\t\t\t\t\t\t\t\t<input size=\"1\" type=\"email\" name=\"form_fields[email]\" id=\"form-field-email\" class=\"elementor-field elementor-size-sm  elementor-field-textual\" required=\"required\">\n\t\t\t\t\t\t\t\t\t\t\t<\/div>\n\t\t\t\t\t\t\t\t<div class=\"elementor-field-type-tel elementor-field-group elementor-column elementor-field-group-field_f59515f elementor-col-100 elementor-field-required elementor-mark-required\">\n\t\t\t\t\t\t\t\t\t\t\t\t<label for=\"form-field-field_f59515f\" class=\"elementor-field-label\">\n\t\t\t\t\t\t\t\tTelefoonnummer\t\t\t\t\t\t\t<\/label>\n\t\t\t\t\t\t\t\t<input size=\"1\" type=\"tel\" name=\"form_fields[field_f59515f]\" id=\"form-field-field_f59515f\" class=\"elementor-field elementor-size-sm  elementor-field-textual\" required=\"required\" pattern=\"[0-9()#&amp;+*-=.]+\" title=\"Alleen cijfers of telefoontekens (#, -, *, enz.) worden geaccepteerd.\">\n\n\t\t\t\t\t\t<\/div>\n\t\t\t\t\t\t\t\t<div class=\"elementor-field-type-textarea elementor-field-group elementor-column elementor-field-group-field_40ba324 elementor-col-100\">\n\t\t\t\t\t\t\t\t\t\t\t\t<label for=\"form-field-field_40ba324\" class=\"elementor-field-label\">\n\t\t\t\t\t\t\t\tVerdere vragen\/opmerkingen\t\t\t\t\t\t\t<\/label>\n\t\t\t\t\t\t<textarea class=\"elementor-field-textual elementor-field  elementor-size-sm\" name=\"form_fields[field_40ba324]\" id=\"form-field-field_40ba324\" rows=\"4\"><\/textarea>\t\t\t\t<\/div>\n\t\t\t\t\t\t\t\t<div class=\"elementor-field-type-acceptance elementor-field-group elementor-column elementor-field-group-algemenevoorwaarden elementor-col-100 elementor-field-required elementor-mark-required\">\n\t\t\t\t\t\t\t<div class=\"elementor-field-subgroup\">\n\t\t\t<span class=\"elementor-field-option\">\n\t\t\t\t<input type=\"checkbox\" name=\"form_fields[algemenevoorwaarden]\" id=\"form-field-algemenevoorwaarden\" class=\"elementor-field elementor-size-sm  elementor-acceptance-field\" required=\"required\">\n\t\t\t\t<label for=\"form-field-algemenevoorwaarden\">Ik ben het eens met de <a href=\"#\">algemene voorwaarden<\/a> .<\/label>\t\t\t<\/span>\n\t\t<\/div>\n\t\t\t\t\t\t<\/div>\n\t\t\t\t\t\t\t\t<div class=\"elementor-field-type-text\">\n\t\t\t\t\t<input size=\"1\" type=\"text\" name=\"form_fields[field_9ca51b4]\" id=\"form-field-field_9ca51b4\" class=\"elementor-field elementor-size-sm\" style=\"display:none !important;\">\t\t\t\t<\/div>\n\t\t\t\t\t\t\t\t<div class=\"elementor-field-type-recaptcha_v3 elementor-field-group elementor-column elementor-field-group-field_017029e elementor-col-100 recaptcha_v3-bottomright\">\n\t\t\t\t\t<div class=\"elementor-field\" id=\"form-field-field_017029e\"><div class=\"elementor-g-recaptcha\" data-sitekey=\"6Lfwt6MpAAAAAH6_qVBC15RjGDBqqOToqonF4_nT\" data-type=\"v3\" data-action=\"Form\" data-badge=\"bottomright\" data-size=\"invisible\"><\/div><\/div>\t\t\t\t<\/div>\n\t\t\t\t\t\t\t\t<div class=\"elementor-field-group elementor-column elementor-field-type-submit elementor-col-100 e-form__buttons\">\n\t\t\t\t\t<button class=\"elementor-button elementor-size-sm\" type=\"submit\">\n\t\t\t\t\t\t<span class=\"elementor-button-content-wrapper\">\n\t\t\t\t\t\t\t\t\t\t\t\t\t\t\t\t\t\t\t\t\t\t<span class=\"elementor-button-text\">Versturen<\/span>\n\t\t\t\t\t\t\t\t\t\t\t\t\t<\/span>\n\t\t\t\t\t<\/button>\n\t\t\t\t<\/div>\n\t\t\t<\/div>\n\t\t<input type=\"hidden\" name=\"trp-form-language\" value=\"nl\"\/><\/form>\n\t\t\t\t\t\t<\/div>\n\t\t\t\t<\/div>\n\t\t\t\t<\/div>\n\t\t\t\t\t<\/div>\n\t\t\t\t<\/div>\n\t\t\t\t<\/div>","protected":false},"excerpt":{"rendered":"<p>Kontakt Brauchen Sie Kontakt? Wir sind f\u00fcr Sie da F\u00fcr alle Fragen rundum Evakuierung und Schnell retten von Mensen stehen wir ihnen gerne zu der Verfugung. Evatex ist Teil von die Firma E.E.H. und zusammen helfen wir ihnen die Sicherheit zu erh\u00f6hen. Auch f\u00fcr Fragen \u00fcber Rettungsmatratze, Evakuierungsstuhle sind Sie bei uns im Kontakt zum [&hellip;]<\/p>","protected":false},"author":1,"featured_media":0,"parent":0,"menu_order":0,"comment_status":"closed","ping_status":"closed","template":"","meta":{"footnotes":""},"class_list":["post-302","page","type-page","status-publish","hentry"],"yoast_head":"<!-- This site is optimized with the Yoast SEO plugin v26.9 - https:\/\/yoast.com\/product\/yoast-seo-wordpress\/ -->\n<title>Brauchen Sie Kontakt? Wir sind f\u00fcr Sie da | Evatex<\/title>\n<meta name=\"description\" content=\"F\u00fcr alle Fragen rundum Evakuierung und Schnell retten von Mensen stehen wir ihnen gerne zu der Verfugung. Evatex ist Teil von die Firma...\" \/>\n<meta name=\"robots\" content=\"index, follow, max-snippet:-1, max-image-preview:large, max-video-preview:-1\" \/>\n<link rel=\"canonical\" href=\"https:\/\/evatex.de\/nl\/contact-2\/\" \/>\n<meta property=\"og:locale\" content=\"nl_NL\" \/>\n<meta property=\"og:type\" content=\"article\" \/>\n<meta property=\"og:title\" content=\"Brauchen Sie Kontakt? Wir sind f\u00fcr Sie da | Evatex\" \/>\n<meta property=\"og:description\" content=\"F\u00fcr alle Fragen rundum Evakuierung und Schnell retten von Mensen stehen wir ihnen gerne zu der Verfugung. Evatex ist Teil von die Firma...\" \/>\n<meta property=\"og:url\" content=\"https:\/\/evatex.de\/nl\/contact-2\/\" \/>\n<meta property=\"og:site_name\" content=\"Evatex\" \/>\n<meta property=\"article:modified_time\" content=\"2025-08-11T08:27:25+00:00\" \/>\n<meta name=\"twitter:card\" content=\"summary_large_image\" \/>\n<meta name=\"twitter:label1\" content=\"Geschatte leestijd\" \/>\n\t<meta name=\"twitter:data1\" content=\"2 minuten\" \/>\n<script type=\"application\/ld+json\" class=\"yoast-schema-graph\">{\"@context\":\"https:\/\/schema.org\",\"@graph\":[{\"@type\":\"WebPage\",\"@id\":\"https:\/\/evatex.de\/kontakt\/\",\"url\":\"https:\/\/evatex.de\/kontakt\/\",\"name\":\"Brauchen Sie Kontakt? Wir sind f\u00fcr Sie da | Evatex\",\"isPartOf\":{\"@id\":\"https:\/\/evatex.de\/#website\"},\"datePublished\":\"2024-01-04T14:14:03+00:00\",\"dateModified\":\"2025-08-11T08:27:25+00:00\",\"description\":\"F\u00fcr alle Fragen rundum Evakuierung und Schnell retten von Mensen stehen wir ihnen gerne zu der Verfugung. Evatex ist Teil von die Firma...\",\"breadcrumb\":{\"@id\":\"https:\/\/evatex.de\/kontakt\/#breadcrumb\"},\"inLanguage\":\"nl-NL\",\"potentialAction\":[{\"@type\":\"ReadAction\",\"target\":[\"https:\/\/evatex.de\/kontakt\/\"]}]},{\"@type\":\"BreadcrumbList\",\"@id\":\"https:\/\/evatex.de\/kontakt\/#breadcrumb\",\"itemListElement\":[{\"@type\":\"ListItem\",\"position\":1,\"name\":\"Home\",\"item\":\"https:\/\/evatex.de\/\"},{\"@type\":\"ListItem\",\"position\":2,\"name\":\"Kontakt\"}]},{\"@type\":\"WebSite\",\"@id\":\"https:\/\/evatex.de\/#website\",\"url\":\"https:\/\/evatex.de\/\",\"name\":\"Evatex\",\"description\":\"\",\"publisher\":{\"@id\":\"https:\/\/evatex.de\/#organization\"},\"potentialAction\":[{\"@type\":\"SearchAction\",\"target\":{\"@type\":\"EntryPoint\",\"urlTemplate\":\"https:\/\/evatex.de\/?s={search_term_string}\"},\"query-input\":{\"@type\":\"PropertyValueSpecification\",\"valueRequired\":true,\"valueName\":\"search_term_string\"}}],\"inLanguage\":\"nl-NL\"},{\"@type\":\"Organization\",\"@id\":\"https:\/\/evatex.de\/#organization\",\"name\":\"Evatex\",\"url\":\"https:\/\/evatex.de\/\",\"logo\":{\"@type\":\"ImageObject\",\"inLanguage\":\"nl-NL\",\"@id\":\"https:\/\/evatex.de\/#\/schema\/logo\/image\/\",\"url\":\"https:\/\/evatex.de\/wp-content\/uploads\/2024\/01\/evatex-logo-website.svg\",\"contentUrl\":\"https:\/\/evatex.de\/wp-content\/uploads\/2024\/01\/evatex-logo-website.svg\",\"width\":211,\"height\":47,\"caption\":\"Evatex\"},\"image\":{\"@id\":\"https:\/\/evatex.de\/#\/schema\/logo\/image\/\"}}]}<\/script>\n<!-- \/ Yoast SEO plugin. -->","yoast_head_json":{"title":"Heeft u contact nodig? Wij zijn er voor u | Evatex","description":"Wij beantwoorden graag al uw vragen over de ontruiming en snelle redding van kantines. Evatex is onderdeel van het bedrijf...","robots":{"index":"index","follow":"follow","max-snippet":"max-snippet:-1","max-image-preview":"max-image-preview:large","max-video-preview":"max-video-preview:-1"},"canonical":"https:\/\/evatex.de\/nl\/contact-2\/","og_locale":"nl_NL","og_type":"article","og_title":"Brauchen Sie Kontakt? Wir sind f\u00fcr Sie da | Evatex","og_description":"F\u00fcr alle Fragen rundum Evakuierung und Schnell retten von Mensen stehen wir ihnen gerne zu der Verfugung. Evatex ist Teil von die Firma...","og_url":"https:\/\/evatex.de\/nl\/contact-2\/","og_site_name":"Evatex","article_modified_time":"2025-08-11T08:27:25+00:00","twitter_card":"summary_large_image","twitter_misc":{"Geschatte leestijd":"2 minuten"},"schema":{"@context":"https:\/\/schema.org","@graph":[{"@type":"WebPage","@id":"https:\/\/evatex.de\/kontakt\/","url":"https:\/\/evatex.de\/kontakt\/","name":"Heeft u contact nodig? Wij zijn er voor u | Evatex","isPartOf":{"@id":"https:\/\/evatex.de\/#website"},"datePublished":"2024-01-04T14:14:03+00:00","dateModified":"2025-08-11T08:27:25+00:00","description":"Wij beantwoorden graag al uw vragen over de ontruiming en snelle redding van kantines. Evatex is onderdeel van het bedrijf...","breadcrumb":{"@id":"https:\/\/evatex.de\/kontakt\/#breadcrumb"},"inLanguage":"nl-NL","potentialAction":[{"@type":"ReadAction","target":["https:\/\/evatex.de\/kontakt\/"]}]},{"@type":"BreadcrumbList","@id":"https:\/\/evatex.de\/kontakt\/#breadcrumb","itemListElement":[{"@type":"ListItem","position":1,"name":"Home","item":"https:\/\/evatex.de\/"},{"@type":"ListItem","position":2,"name":"Kontakt"}]},{"@type":"WebSite","@id":"https:\/\/evatex.de\/#website","url":"https:\/\/evatex.de\/","name":"Evatex","description":"","publisher":{"@id":"https:\/\/evatex.de\/#organization"},"potentialAction":[{"@type":"SearchAction","target":{"@type":"EntryPoint","urlTemplate":"https:\/\/evatex.de\/?s={search_term_string}"},"query-input":{"@type":"PropertyValueSpecification","valueRequired":true,"valueName":"search_term_string"}}],"inLanguage":"nl-NL"},{"@type":"Organization","@id":"https:\/\/evatex.de\/#organization","name":"Evatex","url":"https:\/\/evatex.de\/","logo":{"@type":"ImageObject","inLanguage":"nl-NL","@id":"https:\/\/evatex.de\/#\/schema\/logo\/image\/","url":"https:\/\/evatex.de\/wp-content\/uploads\/2024\/01\/evatex-logo-website.svg","contentUrl":"https:\/\/evatex.de\/wp-content\/uploads\/2024\/01\/evatex-logo-website.svg","width":211,"height":47,"caption":"Evatex"},"image":{"@id":"https:\/\/evatex.de\/#\/schema\/logo\/image\/"}}]}},"_links":{"self":[{"href":"https:\/\/evatex.de\/nl\/wp-json\/wp\/v2\/pages\/302","targetHints":{"allow":["GET"]}}],"collection":[{"href":"https:\/\/evatex.de\/nl\/wp-json\/wp\/v2\/pages"}],"about":[{"href":"https:\/\/evatex.de\/nl\/wp-json\/wp\/v2\/types\/page"}],"author":[{"embeddable":true,"href":"https:\/\/evatex.de\/nl\/wp-json\/wp\/v2\/users\/1"}],"replies":[{"embeddable":true,"href":"https:\/\/evatex.de\/nl\/wp-json\/wp\/v2\/comments?post=302"}],"version-history":[{"count":89,"href":"https:\/\/evatex.de\/nl\/wp-json\/wp\/v2\/pages\/302\/revisions"}],"predecessor-version":[{"id":1599,"href":"https:\/\/evatex.de\/nl\/wp-json\/wp\/v2\/pages\/302\/revisions\/1599"}],"wp:attachment":[{"href":"https:\/\/evatex.de\/nl\/wp-json\/wp\/v2\/media?parent=302"}],"curies":[{"name":"wp","href":"https:\/\/api.w.org\/{rel}","templated":true}]}}