{"id":1221,"date":"2024-02-16T11:20:57","date_gmt":"2024-02-16T10:20:57","guid":{"rendered":"https:\/\/evatex.de\/?page_id=1221"},"modified":"2024-02-16T11:23:17","modified_gmt":"2024-02-16T10:23:17","slug":"bedankt-voor-uw-sollicitatie","status":"publish","type":"page","link":"https:\/\/evatex.de\/nl\/bedankt-voor-uw-sollicitatie\/","title":{"rendered":"Bedankt voor uw aanvraag"},"content":{"rendered":"<div data-elementor-type=\"wp-page\" data-elementor-id=\"1221\" class=\"elementor elementor-1221\" data-elementor-post-type=\"page\">\n\t\t\t\t<div class=\"elementor-element elementor-element-f16f052 e-con-full e-flex e-con e-parent\" data-id=\"f16f052\" data-element_type=\"container\" data-e-type=\"container\" data-settings=\"{&quot;background_background&quot;:&quot;gradient&quot;}\">\n\t\t\t\t<div class=\"elementor-element elementor-element-21f6def elementor-widget elementor-widget-heading\" data-id=\"21f6def\" data-element_type=\"widget\" data-e-type=\"widget\" data-widget_type=\"heading.default\">\n\t\t\t\t<div class=\"elementor-widget-container\">\n\t\t\t\t\t<h2 class=\"elementor-heading-title elementor-size-default\">Bedankt voor uw aanvraag<\/h2>\t\t\t\t<\/div>\n\t\t\t\t<\/div>\n\t\t\t\t<\/div>\n\t\t<div class=\"elementor-element elementor-element-d31c5ac e-flex e-con-boxed e-con e-child\" data-id=\"d31c5ac\" data-element_type=\"container\" data-e-type=\"container\">\n\t\t\t\t\t<div class=\"e-con-inner\">\n\t\t\t\t<div class=\"elementor-element elementor-element-768e608 elementor-widget elementor-widget-heading\" data-id=\"768e608\" data-element_type=\"widget\" data-e-type=\"widget\" data-widget_type=\"heading.default\">\n\t\t\t\t<div class=\"elementor-widget-container\">\n\t\t\t\t\t<h2 class=\"elementor-heading-title elementor-size-default\">Wij nemen zo snel mogelijk contact met u op<\/h2>\t\t\t\t<\/div>\n\t\t\t\t<\/div>\n\t\t\t\t<div class=\"elementor-element elementor-element-db989af elementor-widget elementor-widget-text-editor\" data-id=\"db989af\" data-element_type=\"widget\" data-e-type=\"widget\" data-widget_type=\"text-editor.default\">\n\t\t\t\t<div class=\"elementor-widget-container\">\n\t\t\t\t\t\t\t\t\t<p>Ben je nog niet uitgekeken? Keer terug naar home en bekijk onze andere producten.<\/p>\t\t\t\t\t\t\t\t<\/div>\n\t\t\t\t<\/div>\n\t\t\t\t<div class=\"elementor-element elementor-element-f0c224b elementor-position-inline-start elementor-mobile-position-inline-start e-transform e-transform elementor-view-default elementor-widget elementor-widget-icon-box\" data-id=\"f0c224b\" data-element_type=\"widget\" data-e-type=\"widget\" data-settings=\"{&quot;_transform_translateX_effect_hover&quot;:{&quot;unit&quot;:&quot;px&quot;,&quot;size&quot;:8,&quot;sizes&quot;:[]},&quot;_transform_translateX_effect&quot;:{&quot;unit&quot;:&quot;px&quot;,&quot;size&quot;:&quot;&quot;,&quot;sizes&quot;:[]},&quot;_transform_translateX_effect_widescreen&quot;:{&quot;unit&quot;:&quot;px&quot;,&quot;size&quot;:&quot;&quot;,&quot;sizes&quot;:[]},&quot;_transform_translateX_effect_laptop&quot;:{&quot;unit&quot;:&quot;px&quot;,&quot;size&quot;:&quot;&quot;,&quot;sizes&quot;:[]},&quot;_transform_translateX_effect_tablet_extra&quot;:{&quot;unit&quot;:&quot;px&quot;,&quot;size&quot;:&quot;&quot;,&quot;sizes&quot;:[]},&quot;_transform_translateX_effect_tablet&quot;:{&quot;unit&quot;:&quot;px&quot;,&quot;size&quot;:&quot;&quot;,&quot;sizes&quot;:[]},&quot;_transform_translateX_effect_mobile_extra&quot;:{&quot;unit&quot;:&quot;px&quot;,&quot;size&quot;:&quot;&quot;,&quot;sizes&quot;:[]},&quot;_transform_translateX_effect_mobile&quot;:{&quot;unit&quot;:&quot;px&quot;,&quot;size&quot;:&quot;&quot;,&quot;sizes&quot;:[]},&quot;_transform_translateY_effect&quot;:{&quot;unit&quot;:&quot;px&quot;,&quot;size&quot;:&quot;&quot;,&quot;sizes&quot;:[]},&quot;_transform_translateY_effect_widescreen&quot;:{&quot;unit&quot;:&quot;px&quot;,&quot;size&quot;:&quot;&quot;,&quot;sizes&quot;:[]},&quot;_transform_translateY_effect_laptop&quot;:{&quot;unit&quot;:&quot;px&quot;,&quot;size&quot;:&quot;&quot;,&quot;sizes&quot;:[]},&quot;_transform_translateY_effect_tablet_extra&quot;:{&quot;unit&quot;:&quot;px&quot;,&quot;size&quot;:&quot;&quot;,&quot;sizes&quot;:[]},&quot;_transform_translateY_effect_tablet&quot;:{&quot;unit&quot;:&quot;px&quot;,&quot;size&quot;:&quot;&quot;,&quot;sizes&quot;:[]},&quot;_transform_translateY_effect_mobile_extra&quot;:{&quot;unit&quot;:&quot;px&quot;,&quot;size&quot;:&quot;&quot;,&quot;sizes&quot;:[]},&quot;_transform_translateY_effect_mobile&quot;:{&quot;unit&quot;:&quot;px&quot;,&quot;size&quot;:&quot;&quot;,&quot;sizes&quot;:[]},&quot;_transform_translateX_effect_hover_widescreen&quot;:{&quot;unit&quot;:&quot;px&quot;,&quot;size&quot;:&quot;&quot;,&quot;sizes&quot;:[]},&quot;_transform_translateX_effect_hover_laptop&quot;:{&quot;unit&quot;:&quot;px&quot;,&quot;size&quot;:&quot;&quot;,&quot;sizes&quot;:[]},&quot;_transform_translateX_effect_hover_tablet_extra&quot;:{&quot;unit&quot;:&quot;px&quot;,&quot;size&quot;:&quot;&quot;,&quot;sizes&quot;:[]},&quot;_transform_translateX_effect_hover_tablet&quot;:{&quot;unit&quot;:&quot;px&quot;,&quot;size&quot;:&quot;&quot;,&quot;sizes&quot;:[]},&quot;_transform_translateX_effect_hover_mobile_extra&quot;:{&quot;unit&quot;:&quot;px&quot;,&quot;size&quot;:&quot;&quot;,&quot;sizes&quot;:[]},&quot;_transform_translateX_effect_hover_mobile&quot;:{&quot;unit&quot;:&quot;px&quot;,&quot;size&quot;:&quot;&quot;,&quot;sizes&quot;:[]},&quot;_transform_translateY_effect_hover&quot;:{&quot;unit&quot;:&quot;px&quot;,&quot;size&quot;:&quot;&quot;,&quot;sizes&quot;:[]},&quot;_transform_translateY_effect_hover_widescreen&quot;:{&quot;unit&quot;:&quot;px&quot;,&quot;size&quot;:&quot;&quot;,&quot;sizes&quot;:[]},&quot;_transform_translateY_effect_hover_laptop&quot;:{&quot;unit&quot;:&quot;px&quot;,&quot;size&quot;:&quot;&quot;,&quot;sizes&quot;:[]},&quot;_transform_translateY_effect_hover_tablet_extra&quot;:{&quot;unit&quot;:&quot;px&quot;,&quot;size&quot;:&quot;&quot;,&quot;sizes&quot;:[]},&quot;_transform_translateY_effect_hover_tablet&quot;:{&quot;unit&quot;:&quot;px&quot;,&quot;size&quot;:&quot;&quot;,&quot;sizes&quot;:[]},&quot;_transform_translateY_effect_hover_mobile_extra&quot;:{&quot;unit&quot;:&quot;px&quot;,&quot;size&quot;:&quot;&quot;,&quot;sizes&quot;:[]},&quot;_transform_translateY_effect_hover_mobile&quot;:{&quot;unit&quot;:&quot;px&quot;,&quot;size&quot;:&quot;&quot;,&quot;sizes&quot;:[]}}\" data-widget_type=\"icon-box.default\">\n\t\t\t\t<div class=\"elementor-widget-container\">\n\t\t\t\t\t\t\t<div class=\"elementor-icon-box-wrapper\">\n\n\t\t\t\t\t\t<div class=\"elementor-icon-box-icon\">\n\t\t\t\t<a href=\"https:\/\/evatex.de\/nl\/\" class=\"elementor-icon\" tabindex=\"-1\" aria-label=\"Home\">\n\t\t\t\t<svg xmlns=\"http:\/\/www.w3.org\/2000\/svg\" xmlns:xlink=\"http:\/\/www.w3.org\/1999\/xlink\" width=\"82.5\" height=\"22.086\" viewbox=\"0 0 82.5 22.086\"><defs><clippath id=\"clip-path\"><rect id=\"Rectangle_1\" data-name=\"Rectangle 1\" width=\"82.5\" height=\"22.086\" fill=\"#2f2f2f\"><\/rect><\/clippath><\/defs><g id=\"Group_3\" data-name=\"Group 3\" transform=\"translate(0 0)\" fill=\"#2F2F2F\"><g id=\"Group_2\" data-name=\"Group 2\" transform=\"translate(0 0)\" clip-path=\"url(#clip-path)\" fill=\"#2F2F2F\"><path id=\"Path_1\" data-name=\"Path 1\" d=\"M82.333,11.43l-10.5,10.5a.562.562,0,0,1-.78,0,.556.556,0,0,1,0-.783l9.558-9.551H.554a.552.552,0,1,1,0-1.1h80.06L71.063.941a.552.552,0,0,1,.78-.78l10.5,10.5a.553.553,0,0,1,0,.78Z\" transform=\"translate(0 -0.001)\" fill=\"#2F2F2F\"><\/path><\/g><\/g><\/svg>\t\t\t\t<\/a>\n\t\t\t<\/div>\n\t\t\t\n\t\t\t\t\t\t<div class=\"elementor-icon-box-content\">\n\n\t\t\t\t\t\t\t\t\t<h3 class=\"elementor-icon-box-title\">\n\t\t\t\t\t\t<a href=\"https:\/\/evatex.de\/nl\/\" >\n\t\t\t\t\t\t\tHome\t\t\t\t\t\t<\/a>\n\t\t\t\t\t<\/h3>\n\t\t\t\t\n\t\t\t\t\n\t\t\t<\/div>\n\t\t\t\n\t\t<\/div>\n\t\t\t\t\t\t<\/div>\n\t\t\t\t<\/div>\n\t\t\t\t\t<\/div>\n\t\t\t\t<\/div>\n\t\t\t\t<\/div>","protected":false},"excerpt":{"rendered":"<p>Bedankt voor je aanvraag We nemen zo snel mogelijk contact met je op Nog niet uitgekeken? Ga terug naar huis en bekijk onze andere producten Startpagina<\/p>","protected":false},"author":1,"featured_media":0,"parent":0,"menu_order":0,"comment_status":"closed","ping_status":"closed","template":"elementor_header_footer","meta":{"footnotes":""},"class_list":["post-1221","page","type-page","status-publish","hentry"],"yoast_head":"<!-- This site is optimized with the Yoast SEO plugin v26.9 - https:\/\/yoast.com\/product\/yoast-seo-wordpress\/ -->\n<title>Vielen Dank f\u00fcr Ihre Bewerbung - Evatex<\/title>\n<meta name=\"robots\" content=\"index, follow, max-snippet:-1, max-image-preview:large, max-video-preview:-1\" \/>\n<link rel=\"canonical\" href=\"https:\/\/evatex.de\/nl\/bedankt-voor-uw-sollicitatie\/\" \/>\n<meta property=\"og:locale\" content=\"nl_NL\" \/>\n<meta property=\"og:type\" content=\"article\" \/>\n<meta property=\"og:title\" content=\"Vielen Dank f\u00fcr Ihre Bewerbung - Evatex\" \/>\n<meta property=\"og:description\" content=\"Vielen Dank f\u00fcr Ihre Bewerbung Wir werden uns so schnell wie m\u00f6glich mit Ihnen in Verbindung setzen Du hast dich noch nicht darauf gefreut? Kehren Sie nach Hause zur\u00fcck und sehen Sie sich unsere anderen Produkte an Startseite\" \/>\n<meta property=\"og:url\" content=\"https:\/\/evatex.de\/nl\/bedankt-voor-uw-sollicitatie\/\" \/>\n<meta property=\"og:site_name\" content=\"Evatex\" \/>\n<meta property=\"article:modified_time\" content=\"2024-02-16T10:23:17+00:00\" \/>\n<meta name=\"twitter:card\" content=\"summary_large_image\" \/>\n<meta name=\"twitter:label1\" content=\"Geschatte leestijd\" \/>\n\t<meta name=\"twitter:data1\" content=\"1 minuut\" \/>\n<script type=\"application\/ld+json\" class=\"yoast-schema-graph\">{\"@context\":\"https:\/\/schema.org\",\"@graph\":[{\"@type\":\"WebPage\",\"@id\":\"https:\/\/evatex.de\/vielen-dank-fuer-ihre-bewerbung\/\",\"url\":\"https:\/\/evatex.de\/vielen-dank-fuer-ihre-bewerbung\/\",\"name\":\"Vielen Dank f\u00fcr Ihre Bewerbung - Evatex\",\"isPartOf\":{\"@id\":\"https:\/\/evatex.de\/#website\"},\"datePublished\":\"2024-02-16T10:20:57+00:00\",\"dateModified\":\"2024-02-16T10:23:17+00:00\",\"breadcrumb\":{\"@id\":\"https:\/\/evatex.de\/vielen-dank-fuer-ihre-bewerbung\/#breadcrumb\"},\"inLanguage\":\"nl-NL\",\"potentialAction\":[{\"@type\":\"ReadAction\",\"target\":[\"https:\/\/evatex.de\/vielen-dank-fuer-ihre-bewerbung\/\"]}]},{\"@type\":\"BreadcrumbList\",\"@id\":\"https:\/\/evatex.de\/vielen-dank-fuer-ihre-bewerbung\/#breadcrumb\",\"itemListElement\":[{\"@type\":\"ListItem\",\"position\":1,\"name\":\"Home\",\"item\":\"https:\/\/evatex.de\/\"},{\"@type\":\"ListItem\",\"position\":2,\"name\":\"Vielen Dank f\u00fcr Ihre Bewerbung\"}]},{\"@type\":\"WebSite\",\"@id\":\"https:\/\/evatex.de\/#website\",\"url\":\"https:\/\/evatex.de\/\",\"name\":\"Evatex\",\"description\":\"\",\"publisher\":{\"@id\":\"https:\/\/evatex.de\/#organization\"},\"potentialAction\":[{\"@type\":\"SearchAction\",\"target\":{\"@type\":\"EntryPoint\",\"urlTemplate\":\"https:\/\/evatex.de\/?s={search_term_string}\"},\"query-input\":{\"@type\":\"PropertyValueSpecification\",\"valueRequired\":true,\"valueName\":\"search_term_string\"}}],\"inLanguage\":\"nl-NL\"},{\"@type\":\"Organization\",\"@id\":\"https:\/\/evatex.de\/#organization\",\"name\":\"Evatex\",\"url\":\"https:\/\/evatex.de\/\",\"logo\":{\"@type\":\"ImageObject\",\"inLanguage\":\"nl-NL\",\"@id\":\"https:\/\/evatex.de\/#\/schema\/logo\/image\/\",\"url\":\"https:\/\/evatex.de\/wp-content\/uploads\/2024\/01\/evatex-logo-website.svg\",\"contentUrl\":\"https:\/\/evatex.de\/wp-content\/uploads\/2024\/01\/evatex-logo-website.svg\",\"width\":211,\"height\":47,\"caption\":\"Evatex\"},\"image\":{\"@id\":\"https:\/\/evatex.de\/#\/schema\/logo\/image\/\"}}]}<\/script>\n<!-- \/ Yoast SEO plugin. -->","yoast_head_json":{"title":"Bedankt voor uw aanvraag - Evatex","robots":{"index":"index","follow":"follow","max-snippet":"max-snippet:-1","max-image-preview":"max-image-preview:large","max-video-preview":"max-video-preview:-1"},"canonical":"https:\/\/evatex.de\/nl\/bedankt-voor-uw-sollicitatie\/","og_locale":"nl_NL","og_type":"article","og_title":"Vielen Dank f\u00fcr Ihre Bewerbung - Evatex","og_description":"Vielen Dank f\u00fcr Ihre Bewerbung Wir werden uns so schnell wie m\u00f6glich mit Ihnen in Verbindung setzen Du hast dich noch nicht darauf gefreut? Kehren Sie nach Hause zur\u00fcck und sehen Sie sich unsere anderen Produkte an Startseite","og_url":"https:\/\/evatex.de\/nl\/bedankt-voor-uw-sollicitatie\/","og_site_name":"Evatex","article_modified_time":"2024-02-16T10:23:17+00:00","twitter_card":"summary_large_image","twitter_misc":{"Geschatte leestijd":"1 minuut"},"schema":{"@context":"https:\/\/schema.org","@graph":[{"@type":"WebPage","@id":"https:\/\/evatex.de\/vielen-dank-fuer-ihre-bewerbung\/","url":"https:\/\/evatex.de\/vielen-dank-fuer-ihre-bewerbung\/","name":"Bedankt voor uw aanvraag - Evatex","isPartOf":{"@id":"https:\/\/evatex.de\/#website"},"datePublished":"2024-02-16T10:20:57+00:00","dateModified":"2024-02-16T10:23:17+00:00","breadcrumb":{"@id":"https:\/\/evatex.de\/vielen-dank-fuer-ihre-bewerbung\/#breadcrumb"},"inLanguage":"nl-NL","potentialAction":[{"@type":"ReadAction","target":["https:\/\/evatex.de\/vielen-dank-fuer-ihre-bewerbung\/"]}]},{"@type":"BreadcrumbList","@id":"https:\/\/evatex.de\/vielen-dank-fuer-ihre-bewerbung\/#breadcrumb","itemListElement":[{"@type":"ListItem","position":1,"name":"Home","item":"https:\/\/evatex.de\/"},{"@type":"ListItem","position":2,"name":"Vielen Dank f\u00fcr Ihre Bewerbung"}]},{"@type":"WebSite","@id":"https:\/\/evatex.de\/#website","url":"https:\/\/evatex.de\/","name":"Evatex","description":"","publisher":{"@id":"https:\/\/evatex.de\/#organization"},"potentialAction":[{"@type":"SearchAction","target":{"@type":"EntryPoint","urlTemplate":"https:\/\/evatex.de\/?s={search_term_string}"},"query-input":{"@type":"PropertyValueSpecification","valueRequired":true,"valueName":"search_term_string"}}],"inLanguage":"nl-NL"},{"@type":"Organization","@id":"https:\/\/evatex.de\/#organization","name":"Evatex","url":"https:\/\/evatex.de\/","logo":{"@type":"ImageObject","inLanguage":"nl-NL","@id":"https:\/\/evatex.de\/#\/schema\/logo\/image\/","url":"https:\/\/evatex.de\/wp-content\/uploads\/2024\/01\/evatex-logo-website.svg","contentUrl":"https:\/\/evatex.de\/wp-content\/uploads\/2024\/01\/evatex-logo-website.svg","width":211,"height":47,"caption":"Evatex"},"image":{"@id":"https:\/\/evatex.de\/#\/schema\/logo\/image\/"}}]}},"_links":{"self":[{"href":"https:\/\/evatex.de\/nl\/wp-json\/wp\/v2\/pages\/1221","targetHints":{"allow":["GET"]}}],"collection":[{"href":"https:\/\/evatex.de\/nl\/wp-json\/wp\/v2\/pages"}],"about":[{"href":"https:\/\/evatex.de\/nl\/wp-json\/wp\/v2\/types\/page"}],"author":[{"embeddable":true,"href":"https:\/\/evatex.de\/nl\/wp-json\/wp\/v2\/users\/1"}],"replies":[{"embeddable":true,"href":"https:\/\/evatex.de\/nl\/wp-json\/wp\/v2\/comments?post=1221"}],"version-history":[{"count":5,"href":"https:\/\/evatex.de\/nl\/wp-json\/wp\/v2\/pages\/1221\/revisions"}],"predecessor-version":[{"id":1226,"href":"https:\/\/evatex.de\/nl\/wp-json\/wp\/v2\/pages\/1221\/revisions\/1226"}],"wp:attachment":[{"href":"https:\/\/evatex.de\/nl\/wp-json\/wp\/v2\/media?parent=1221"}],"curies":[{"name":"wp","href":"https:\/\/api.w.org\/{rel}","templated":true}]}}